{"id":20,"date":"2020-04-07T11:38:41","date_gmt":"2020-04-07T11:38:41","guid":{"rendered":"http:\/\/sus-koeln.de\/?page_id=20"},"modified":"2022-01-15T06:19:17","modified_gmt":"2022-01-15T06:19:17","slug":"interessenten","status":"publish","type":"page","link":"http:\/\/sus-koeln.de\/?page_id=20","title":{"rendered":"Interessenten"},"content":{"rendered":"\n<p><strong>Werden Sie unser neues Mitglied<\/strong>. Unsere Gemeinschaft steht immer f\u00fcr neue Mitglieder offen.<\/p>\n\n\n\n<p>Zur Zeit bietet sich eine gute Gelegenheit sich unserem Verein anzuschlie\u00dfen und einen sch\u00f6nen Stellplatz zu beziehen. F\u00fcr die Aufnahme neuer Mitglieder gilt bei uns eine &#8222;Probezeit&#8220; von circa einem Jahr, danach entscheidet der sogenannte Aufnahmeausschuss \u00fcber die endg\u00fcltige Mitgliedschaft. Die Mitglieder des Aufnahmeausschusses k\u00fcmmern sich um unsere &#8222;Neuen&#8220;, um diesen den Anfang leichter zu machen, sie zu unterst\u00fctzen und diese in die Gemeinschaft zu integrieren.<\/p>\n\n\n\n<p>Wir betreiben neben Tennis auf unserem Kleinfeld regelm\u00e4\u00dfige Boulepartien, Badminton, Tischtennis und Wassergymnastik. Samstags ist unser gemeinsamer Saunatag. F\u00fcr unsere J\u00fcngsten bietet der Spielplatz ausreichend M\u00f6glichkeiten zum austoben. <\/p>\n\n\n\n<p>Um unsere Kosten zu decken kommen auch wir nicht umhin einen j\u00e4hrlichen Beitrag festzusetzen. Dabei rechnen wir nach Einheiten. Eine Einheit ist bei uns eine Familie mit Kindern bis 21 Jahren, mit oder ohne Stellplatz. F\u00fcr eine Einheit mit Stellplatz gilt derzeit ein Jahresbeitrag in H\u00f6he von 400,- \u20ac. Dabei gilt 200,-  \u20ac Mitgliedsbeitrag + 200,- \u20ac Gel\u00e4ndeerhaltungsabgabe. Der Jahresbeitrag wird anhand der j\u00e4hrlichen Ausgaben unter Mithilfe unseres Kassenwarts ermittelt, kann aber nur auf Antrag, durch Mitgliederbeschluss erh\u00f6ht oder gesenkt werden. Bei \u00dcbernahme eines Stellplatzes f\u00e4llt eine Kaution in H\u00f6he eines Jahresbeitrages an. Diese wird bei ordentlicher R\u00fcckgabe des Stellplatzes zur\u00fcck erstattet.<\/p>\n\n\n\n<p>Mit diesem Beitrag sind alle j\u00e4hrlichen Kosten gedeckt. Ausgeschlossen hiervon sind nur der eigene Stromverbrauch auf dem Stellplatz, eine Wasserpauschale in H\u00f6he von 10 \u20ac j\u00e4hrlich und die Benutzung der Sauna. Da wir ausschlie\u00dflich Ganzjahrespl\u00e4tze bereitstellen, m\u00fcssen die Wohnwagen nicht abgezogen werden. Desweiteren sind Hunde auf unserem Gel\u00e4nde leider nicht gestattet.<\/p>\n\n\n\n<p>Um unser Gel\u00e4nde st\u00e4ndig instand zu halten und modernisieren zu k\u00f6nnen sind auch unsere Mitglieder gefordert. Daher muss jede Einheit \u00fcber das Jahr hinweg aktuell 15 Arbeitsstunden ableisten, ab dem 67. Lebensjahr 5 Stunden. Dadurch kann der Jahresbeitrag nicht nur m\u00f6glichst gering gehalten werden, es wird auch sichergestellt, dass Gel\u00e4nde und unsere Sportanlagen immer sicher, sauber und auf dem neuesten Stand sind.<\/p>\n\n\n\n<p>Falls Sie sich unser Gel\u00e4nde einmal pers\u00f6nlich anschauen m\u00f6chten melden Sie sich einfach bei uns. Wir begr\u00fc\u00dfen Sie gerne und stehen f\u00fcr alle Fragen offen.<\/p>\n\n\n\n<figure class=\"wp-block-gallery columns-3 is-cropped wp-block-gallery-1 is-layout-flex wp-block-gallery-is-layout-flex\"><ul class=\"blocks-gallery-grid\"><li class=\"blocks-gallery-item\"><figure><a href=\"http:\/\/sus-koeln.de\/wp-content\/uploads\/2020\/09\/b4230c67-d70b-4bb3-93ad-dbfe3bac4f08-768x1024.jpg\"><img loading=\"lazy\" decoding=\"async\" width=\"768\" height=\"1024\" src=\"http:\/\/sus-koeln.de\/wp-content\/uploads\/2020\/09\/b4230c67-d70b-4bb3-93ad-dbfe3bac4f08-768x1024.jpg\" alt=\"\" data-id=\"66\" data-link=\"http:\/\/sus-koeln.de\/?attachment_id=66\" class=\"wp-image-66\" srcset=\"http:\/\/sus-koeln.de\/wp-content\/uploads\/2020\/09\/b4230c67-d70b-4bb3-93ad-dbfe3bac4f08-768x1024.jpg 768w, http:\/\/sus-koeln.de\/wp-content\/uploads\/2020\/09\/b4230c67-d70b-4bb3-93ad-dbfe3bac4f08-225x300.jpg 225w, http:\/\/sus-koeln.de\/wp-content\/uploads\/2020\/09\/b4230c67-d70b-4bb3-93ad-dbfe3bac4f08-1152x1536.jpg 1152w, http:\/\/sus-koeln.de\/wp-content\/uploads\/2020\/09\/b4230c67-d70b-4bb3-93ad-dbfe3bac4f08.jpg 1200w\" sizes=\"auto, (max-width: 767px) 89vw, (max-width: 1000px) 54vw, (max-width: 1071px) 543px, 580px\" \/><\/a><figcaption class=\"blocks-gallery-item__caption\">Zugang zu den Stellpl\u00e4tzen<\/figcaption><\/figure><\/li><li class=\"blocks-gallery-item\"><figure><a href=\"http:\/\/sus-koeln.de\/wp-content\/uploads\/2020\/09\/7bcd8296-84d2-4ca3-aebe-92a973e524f1-1024x768.jpg\"><img loading=\"lazy\" decoding=\"async\" width=\"1024\" height=\"768\" src=\"http:\/\/sus-koeln.de\/wp-content\/uploads\/2020\/09\/7bcd8296-84d2-4ca3-aebe-92a973e524f1-1024x768.jpg\" alt=\"\" data-id=\"57\" data-link=\"http:\/\/sus-koeln.de\/?attachment_id=57\" class=\"wp-image-57\" srcset=\"http:\/\/sus-koeln.de\/wp-content\/uploads\/2020\/09\/7bcd8296-84d2-4ca3-aebe-92a973e524f1-1024x768.jpg 1024w, http:\/\/sus-koeln.de\/wp-content\/uploads\/2020\/09\/7bcd8296-84d2-4ca3-aebe-92a973e524f1-300x225.jpg 300w, http:\/\/sus-koeln.de\/wp-content\/uploads\/2020\/09\/7bcd8296-84d2-4ca3-aebe-92a973e524f1-768x576.jpg 768w, http:\/\/sus-koeln.de\/wp-content\/uploads\/2020\/09\/7bcd8296-84d2-4ca3-aebe-92a973e524f1-1536x1152.jpg 1536w, http:\/\/sus-koeln.de\/wp-content\/uploads\/2020\/09\/7bcd8296-84d2-4ca3-aebe-92a973e524f1.jpg 1600w\" sizes=\"auto, (max-width: 767px) 89vw, (max-width: 1000px) 54vw, (max-width: 1071px) 543px, 580px\" \/><\/a><figcaption class=\"blocks-gallery-item__caption\">Seitengang<\/figcaption><\/figure><\/li><li class=\"blocks-gallery-item\"><figure><a href=\"http:\/\/sus-koeln.de\/wp-content\/uploads\/2020\/09\/28389032-2dbe-4702-ad06-6a17606749df-1-1024x768.jpg\"><img loading=\"lazy\" decoding=\"async\" width=\"1024\" height=\"768\" src=\"http:\/\/sus-koeln.de\/wp-content\/uploads\/2020\/09\/28389032-2dbe-4702-ad06-6a17606749df-1-1024x768.jpg\" alt=\"\" data-id=\"64\" data-link=\"http:\/\/sus-koeln.de\/?attachment_id=64\" class=\"wp-image-64\" srcset=\"http:\/\/sus-koeln.de\/wp-content\/uploads\/2020\/09\/28389032-2dbe-4702-ad06-6a17606749df-1-1024x768.jpg 1024w, http:\/\/sus-koeln.de\/wp-content\/uploads\/2020\/09\/28389032-2dbe-4702-ad06-6a17606749df-1-300x225.jpg 300w, http:\/\/sus-koeln.de\/wp-content\/uploads\/2020\/09\/28389032-2dbe-4702-ad06-6a17606749df-1-768x576.jpg 768w, http:\/\/sus-koeln.de\/wp-content\/uploads\/2020\/09\/28389032-2dbe-4702-ad06-6a17606749df-1-1536x1152.jpg 1536w, http:\/\/sus-koeln.de\/wp-content\/uploads\/2020\/09\/28389032-2dbe-4702-ad06-6a17606749df-1.jpg 1600w\" sizes=\"auto, (max-width: 767px) 89vw, (max-width: 1000px) 54vw, (max-width: 1071px) 543px, 580px\" \/><\/a><figcaption class=\"blocks-gallery-item__caption\">Das k\u00f6nnte Ihr Stellplatz werden.<\/figcaption><\/figure><\/li><li class=\"blocks-gallery-item\"><figure><a href=\"http:\/\/sus-koeln.de\/wp-content\/uploads\/2020\/09\/482c2a0a-3117-4014-8c21-7de78887dc95-1024x768.jpg\"><img loading=\"lazy\" decoding=\"async\" width=\"1024\" height=\"768\" src=\"http:\/\/sus-koeln.de\/wp-content\/uploads\/2020\/09\/482c2a0a-3117-4014-8c21-7de78887dc95-1024x768.jpg\" alt=\"\" data-id=\"61\" data-link=\"http:\/\/sus-koeln.de\/?attachment_id=61\" class=\"wp-image-61\" srcset=\"http:\/\/sus-koeln.de\/wp-content\/uploads\/2020\/09\/482c2a0a-3117-4014-8c21-7de78887dc95-1024x768.jpg 1024w, http:\/\/sus-koeln.de\/wp-content\/uploads\/2020\/09\/482c2a0a-3117-4014-8c21-7de78887dc95-300x225.jpg 300w, http:\/\/sus-koeln.de\/wp-content\/uploads\/2020\/09\/482c2a0a-3117-4014-8c21-7de78887dc95-768x576.jpg 768w, http:\/\/sus-koeln.de\/wp-content\/uploads\/2020\/09\/482c2a0a-3117-4014-8c21-7de78887dc95-1536x1152.jpg 1536w, http:\/\/sus-koeln.de\/wp-content\/uploads\/2020\/09\/482c2a0a-3117-4014-8c21-7de78887dc95.jpg 1600w\" sizes=\"auto, (max-width: 767px) 89vw, (max-width: 1000px) 54vw, (max-width: 1071px) 543px, 580px\" \/><\/a><figcaption class=\"blocks-gallery-item__caption\">Vereinshaus<\/figcaption><\/figure><\/li><li class=\"blocks-gallery-item\"><figure><a href=\"http:\/\/sus-koeln.de\/wp-content\/uploads\/2020\/09\/161da892-2b02-4552-9ddb-1bc4d552c2c2-1024x768.jpg\"><img loading=\"lazy\" decoding=\"async\" width=\"1024\" height=\"768\" src=\"http:\/\/sus-koeln.de\/wp-content\/uploads\/2020\/09\/161da892-2b02-4552-9ddb-1bc4d552c2c2-1024x768.jpg\" alt=\"\" data-id=\"60\" data-link=\"http:\/\/sus-koeln.de\/?attachment_id=60\" class=\"wp-image-60\" srcset=\"http:\/\/sus-koeln.de\/wp-content\/uploads\/2020\/09\/161da892-2b02-4552-9ddb-1bc4d552c2c2-1024x768.jpg 1024w, http:\/\/sus-koeln.de\/wp-content\/uploads\/2020\/09\/161da892-2b02-4552-9ddb-1bc4d552c2c2-300x225.jpg 300w, http:\/\/sus-koeln.de\/wp-content\/uploads\/2020\/09\/161da892-2b02-4552-9ddb-1bc4d552c2c2-768x576.jpg 768w, http:\/\/sus-koeln.de\/wp-content\/uploads\/2020\/09\/161da892-2b02-4552-9ddb-1bc4d552c2c2-1536x1152.jpg 1536w, http:\/\/sus-koeln.de\/wp-content\/uploads\/2020\/09\/161da892-2b02-4552-9ddb-1bc4d552c2c2.jpg 1600w\" sizes=\"auto, (max-width: 767px) 89vw, (max-width: 1000px) 54vw, (max-width: 1071px) 543px, 580px\" \/><\/a><figcaption class=\"blocks-gallery-item__caption\">Tennisplatz (Kleinfeld)<\/figcaption><\/figure><\/li><li class=\"blocks-gallery-item\"><figure><a href=\"http:\/\/sus-koeln.de\/wp-content\/uploads\/2020\/09\/9db196b2-498d-4a09-af2d-217a6c9bf32f-1024x768.jpg\"><img loading=\"lazy\" decoding=\"async\" width=\"1024\" height=\"768\" src=\"http:\/\/sus-koeln.de\/wp-content\/uploads\/2020\/09\/9db196b2-498d-4a09-af2d-217a6c9bf32f-1024x768.jpg\" alt=\"\" data-id=\"58\" data-link=\"http:\/\/sus-koeln.de\/?attachment_id=58\" class=\"wp-image-58\" srcset=\"http:\/\/sus-koeln.de\/wp-content\/uploads\/2020\/09\/9db196b2-498d-4a09-af2d-217a6c9bf32f-1024x768.jpg 1024w, http:\/\/sus-koeln.de\/wp-content\/uploads\/2020\/09\/9db196b2-498d-4a09-af2d-217a6c9bf32f-300x225.jpg 300w, http:\/\/sus-koeln.de\/wp-content\/uploads\/2020\/09\/9db196b2-498d-4a09-af2d-217a6c9bf32f-768x576.jpg 768w, http:\/\/sus-koeln.de\/wp-content\/uploads\/2020\/09\/9db196b2-498d-4a09-af2d-217a6c9bf32f-1536x1152.jpg 1536w, http:\/\/sus-koeln.de\/wp-content\/uploads\/2020\/09\/9db196b2-498d-4a09-af2d-217a6c9bf32f.jpg 1600w\" sizes=\"auto, (max-width: 767px) 89vw, (max-width: 1000px) 54vw, (max-width: 1071px) 543px, 580px\" \/><\/a><figcaption class=\"blocks-gallery-item__caption\">Schwimmbad 8 m Durchmesser<\/figcaption><\/figure><\/li><li class=\"blocks-gallery-item\"><figure><a href=\"http:\/\/sus-koeln.de\/wp-content\/uploads\/2020\/09\/17f2652b-bcc0-46fe-be8b-04036a421493-1024x768.jpg\"><img loading=\"lazy\" decoding=\"async\" width=\"1024\" height=\"768\" src=\"http:\/\/sus-koeln.de\/wp-content\/uploads\/2020\/09\/17f2652b-bcc0-46fe-be8b-04036a421493-1024x768.jpg\" alt=\"\" data-id=\"59\" data-link=\"http:\/\/sus-koeln.de\/?attachment_id=59\" class=\"wp-image-59\" srcset=\"http:\/\/sus-koeln.de\/wp-content\/uploads\/2020\/09\/17f2652b-bcc0-46fe-be8b-04036a421493-1024x768.jpg 1024w, http:\/\/sus-koeln.de\/wp-content\/uploads\/2020\/09\/17f2652b-bcc0-46fe-be8b-04036a421493-300x225.jpg 300w, http:\/\/sus-koeln.de\/wp-content\/uploads\/2020\/09\/17f2652b-bcc0-46fe-be8b-04036a421493-768x576.jpg 768w, http:\/\/sus-koeln.de\/wp-content\/uploads\/2020\/09\/17f2652b-bcc0-46fe-be8b-04036a421493-1536x1152.jpg 1536w, http:\/\/sus-koeln.de\/wp-content\/uploads\/2020\/09\/17f2652b-bcc0-46fe-be8b-04036a421493.jpg 1600w\" sizes=\"auto, (max-width: 767px) 89vw, (max-width: 1000px) 54vw, (max-width: 1071px) 543px, 580px\" \/><\/a><figcaption class=\"blocks-gallery-item__caption\">Duschraum<\/figcaption><\/figure><\/li><li class=\"blocks-gallery-item\"><figure><a href=\"http:\/\/sus-koeln.de\/wp-content\/uploads\/2020\/09\/812e27cb-a479-4b1d-bd62-188f4ffffd63.jpg\"><img loading=\"lazy\" decoding=\"async\" width=\"1024\" height=\"768\" src=\"http:\/\/sus-koeln.de\/wp-content\/uploads\/2020\/09\/812e27cb-a479-4b1d-bd62-188f4ffffd63-1024x768.jpg\" alt=\"\" data-id=\"70\" data-full-url=\"http:\/\/sus-koeln.de\/wp-content\/uploads\/2020\/09\/812e27cb-a479-4b1d-bd62-188f4ffffd63.jpg\" data-link=\"http:\/\/sus-koeln.de\/?attachment_id=70\" class=\"wp-image-70\" srcset=\"http:\/\/sus-koeln.de\/wp-content\/uploads\/2020\/09\/812e27cb-a479-4b1d-bd62-188f4ffffd63-1024x768.jpg 1024w, http:\/\/sus-koeln.de\/wp-content\/uploads\/2020\/09\/812e27cb-a479-4b1d-bd62-188f4ffffd63-300x225.jpg 300w, http:\/\/sus-koeln.de\/wp-content\/uploads\/2020\/09\/812e27cb-a479-4b1d-bd62-188f4ffffd63-768x576.jpg 768w, http:\/\/sus-koeln.de\/wp-content\/uploads\/2020\/09\/812e27cb-a479-4b1d-bd62-188f4ffffd63-1536x1152.jpg 1536w, http:\/\/sus-koeln.de\/wp-content\/uploads\/2020\/09\/812e27cb-a479-4b1d-bd62-188f4ffffd63.jpg 1600w\" sizes=\"auto, (max-width: 767px) 89vw, (max-width: 1000px) 54vw, (max-width: 1071px) 543px, 580px\" \/><\/a><figcaption class=\"blocks-gallery-item__caption\">Duschraum<\/figcaption><\/figure><\/li><li class=\"blocks-gallery-item\"><figure><a href=\"http:\/\/sus-koeln.de\/wp-content\/uploads\/2020\/09\/5f5128b3-342d-4cd3-af89-f31f1fb920ae-1024x768.jpg\"><img loading=\"lazy\" decoding=\"async\" width=\"1024\" height=\"768\" src=\"http:\/\/sus-koeln.de\/wp-content\/uploads\/2020\/09\/5f5128b3-342d-4cd3-af89-f31f1fb920ae-1024x768.jpg\" alt=\"\" data-id=\"56\" data-link=\"http:\/\/sus-koeln.de\/?attachment_id=56\" class=\"wp-image-56\" srcset=\"http:\/\/sus-koeln.de\/wp-content\/uploads\/2020\/09\/5f5128b3-342d-4cd3-af89-f31f1fb920ae-1024x768.jpg 1024w, http:\/\/sus-koeln.de\/wp-content\/uploads\/2020\/09\/5f5128b3-342d-4cd3-af89-f31f1fb920ae-300x225.jpg 300w, http:\/\/sus-koeln.de\/wp-content\/uploads\/2020\/09\/5f5128b3-342d-4cd3-af89-f31f1fb920ae-768x576.jpg 768w, http:\/\/sus-koeln.de\/wp-content\/uploads\/2020\/09\/5f5128b3-342d-4cd3-af89-f31f1fb920ae-1536x1152.jpg 1536w, http:\/\/sus-koeln.de\/wp-content\/uploads\/2020\/09\/5f5128b3-342d-4cd3-af89-f31f1fb920ae.jpg 1600w\" sizes=\"auto, (max-width: 767px) 89vw, (max-width: 1000px) 54vw, (max-width: 1071px) 543px, 580px\" \/><\/a><figcaption class=\"blocks-gallery-item__caption\">Aufenthaltsraum<\/figcaption><\/figure><\/li><li class=\"blocks-gallery-item\"><figure><a href=\"http:\/\/sus-koeln.de\/wp-content\/uploads\/2020\/09\/507a4f5d-a22d-441c-9d78-b5cd3f2e6689-1024x768.jpg\"><img loading=\"lazy\" decoding=\"async\" width=\"1024\" height=\"768\" src=\"http:\/\/sus-koeln.de\/wp-content\/uploads\/2020\/09\/507a4f5d-a22d-441c-9d78-b5cd3f2e6689-1024x768.jpg\" alt=\"\" data-id=\"62\" data-link=\"http:\/\/sus-koeln.de\/?attachment_id=62\" class=\"wp-image-62\" srcset=\"http:\/\/sus-koeln.de\/wp-content\/uploads\/2020\/09\/507a4f5d-a22d-441c-9d78-b5cd3f2e6689-1024x768.jpg 1024w, http:\/\/sus-koeln.de\/wp-content\/uploads\/2020\/09\/507a4f5d-a22d-441c-9d78-b5cd3f2e6689-300x225.jpg 300w, http:\/\/sus-koeln.de\/wp-content\/uploads\/2020\/09\/507a4f5d-a22d-441c-9d78-b5cd3f2e6689-768x576.jpg 768w, http:\/\/sus-koeln.de\/wp-content\/uploads\/2020\/09\/507a4f5d-a22d-441c-9d78-b5cd3f2e6689-1536x1152.jpg 1536w, http:\/\/sus-koeln.de\/wp-content\/uploads\/2020\/09\/507a4f5d-a22d-441c-9d78-b5cd3f2e6689.jpg 1600w\" sizes=\"auto, (max-width: 767px) 89vw, (max-width: 1000px) 54vw, (max-width: 1071px) 543px, 580px\" \/><\/a><figcaption class=\"blocks-gallery-item__caption\">Sauna<\/figcaption><\/figure><\/li><li class=\"blocks-gallery-item\"><figure><a href=\"http:\/\/sus-koeln.de\/wp-content\/uploads\/2020\/09\/3965d87d-3a12-4f70-9638-af64bcbc349d-1024x768.jpg\"><img loading=\"lazy\" decoding=\"async\" width=\"1024\" height=\"768\" src=\"http:\/\/sus-koeln.de\/wp-content\/uploads\/2020\/09\/3965d87d-3a12-4f70-9638-af64bcbc349d-1024x768.jpg\" alt=\"\" data-id=\"63\" data-link=\"http:\/\/sus-koeln.de\/?attachment_id=63\" class=\"wp-image-63\" srcset=\"http:\/\/sus-koeln.de\/wp-content\/uploads\/2020\/09\/3965d87d-3a12-4f70-9638-af64bcbc349d-1024x768.jpg 1024w, http:\/\/sus-koeln.de\/wp-content\/uploads\/2020\/09\/3965d87d-3a12-4f70-9638-af64bcbc349d-300x225.jpg 300w, http:\/\/sus-koeln.de\/wp-content\/uploads\/2020\/09\/3965d87d-3a12-4f70-9638-af64bcbc349d-768x576.jpg 768w, http:\/\/sus-koeln.de\/wp-content\/uploads\/2020\/09\/3965d87d-3a12-4f70-9638-af64bcbc349d-1536x1152.jpg 1536w, http:\/\/sus-koeln.de\/wp-content\/uploads\/2020\/09\/3965d87d-3a12-4f70-9638-af64bcbc349d.jpg 1600w\" sizes=\"auto, (max-width: 767px) 89vw, (max-width: 1000px) 54vw, (max-width: 1071px) 543px, 580px\" \/><\/a><figcaption class=\"blocks-gallery-item__caption\">Naturwiese<\/figcaption><\/figure><\/li><li class=\"blocks-gallery-item\"><figure><a href=\"http:\/\/sus-koeln.de\/wp-content\/uploads\/2020\/09\/c1d2fa67-db8c-4929-a3d7-97be026f8848-768x1024.jpg\"><img loading=\"lazy\" decoding=\"async\" width=\"768\" height=\"1024\" src=\"http:\/\/sus-koeln.de\/wp-content\/uploads\/2020\/09\/c1d2fa67-db8c-4929-a3d7-97be026f8848-768x1024.jpg\" alt=\"\" data-id=\"67\" data-link=\"http:\/\/sus-koeln.de\/?attachment_id=67\" class=\"wp-image-67\" srcset=\"http:\/\/sus-koeln.de\/wp-content\/uploads\/2020\/09\/c1d2fa67-db8c-4929-a3d7-97be026f8848-768x1024.jpg 768w, http:\/\/sus-koeln.de\/wp-content\/uploads\/2020\/09\/c1d2fa67-db8c-4929-a3d7-97be026f8848-225x300.jpg 225w, http:\/\/sus-koeln.de\/wp-content\/uploads\/2020\/09\/c1d2fa67-db8c-4929-a3d7-97be026f8848-1152x1536.jpg 1152w, http:\/\/sus-koeln.de\/wp-content\/uploads\/2020\/09\/c1d2fa67-db8c-4929-a3d7-97be026f8848.jpg 1200w\" sizes=\"auto, (max-width: 767px) 89vw, (max-width: 1000px) 54vw, (max-width: 1071px) 543px, 580px\" \/><\/a><figcaption class=\"blocks-gallery-item__caption\">Stellplatz<\/figcaption><\/figure><\/li><li class=\"blocks-gallery-item\"><figure><a href=\"http:\/\/sus-koeln.de\/wp-content\/uploads\/2020\/09\/e88458f9-d30b-48f5-b001-baf542ff724b-1024x768.jpg\"><img loading=\"lazy\" decoding=\"async\" width=\"1024\" height=\"768\" src=\"http:\/\/sus-koeln.de\/wp-content\/uploads\/2020\/09\/e88458f9-d30b-48f5-b001-baf542ff724b-1024x768.jpg\" alt=\"\" data-id=\"68\" data-link=\"http:\/\/sus-koeln.de\/?attachment_id=68\" class=\"wp-image-68\" srcset=\"http:\/\/sus-koeln.de\/wp-content\/uploads\/2020\/09\/e88458f9-d30b-48f5-b001-baf542ff724b-1024x768.jpg 1024w, http:\/\/sus-koeln.de\/wp-content\/uploads\/2020\/09\/e88458f9-d30b-48f5-b001-baf542ff724b-300x225.jpg 300w, http:\/\/sus-koeln.de\/wp-content\/uploads\/2020\/09\/e88458f9-d30b-48f5-b001-baf542ff724b-768x576.jpg 768w, http:\/\/sus-koeln.de\/wp-content\/uploads\/2020\/09\/e88458f9-d30b-48f5-b001-baf542ff724b-1536x1152.jpg 1536w, http:\/\/sus-koeln.de\/wp-content\/uploads\/2020\/09\/e88458f9-d30b-48f5-b001-baf542ff724b.jpg 1600w\" sizes=\"auto, (max-width: 767px) 89vw, (max-width: 1000px) 54vw, (max-width: 1071px) 543px, 580px\" \/><\/a><figcaption class=\"blocks-gallery-item__caption\">Boule- und Badmintonplatz neben dem Spielplatz und der Jugendh\u00fctte<\/figcaption><\/figure><\/li><\/ul><\/figure>\n","protected":false},"excerpt":{"rendered":"<p>Werden Sie unser neues Mitglied. Unsere Gemeinschaft steht immer f\u00fcr neue Mitglieder offen. Zur Zeit bietet sich eine gute Gelegenheit sich unserem Verein anzuschlie\u00dfen und einen sch\u00f6nen Stellplatz zu beziehen. F\u00fcr die Aufnahme neuer Mitglieder gilt bei uns eine &#8222;Probezeit&#8220; von circa einem Jahr, danach entscheidet der sogenannte Aufnahmeausschuss \u00fcber die endg\u00fcltige Mitgliedschaft. Die Mitglieder &hellip; <\/p>\n<p class=\"link-more\"><a href=\"http:\/\/sus-koeln.de\/?page_id=20\" class=\"more-link\"><span class=\"screen-reader-text\">\u201eInteressenten\u201c <\/span>weiterlesen<\/a><\/p>\n","protected":false},"author":1,"featured_media":0,"parent":0,"menu_order":0,"comment_status":"closed","ping_status":"closed","template":"","meta":{"footnotes":""},"class_list":["post-20","page","type-page","status-publish","hentry"],"_links":{"self":[{"href":"http:\/\/sus-koeln.de\/index.php?rest_route=\/wp\/v2\/pages\/20","targetHints":{"allow":["GET"]}}],"collection":[{"href":"http:\/\/sus-koeln.de\/index.php?rest_route=\/wp\/v2\/pages"}],"about":[{"href":"http:\/\/sus-koeln.de\/index.php?rest_route=\/wp\/v2\/types\/page"}],"author":[{"embeddable":true,"href":"http:\/\/sus-koeln.de\/index.php?rest_route=\/wp\/v2\/users\/1"}],"replies":[{"embeddable":true,"href":"http:\/\/sus-koeln.de\/index.php?rest_route=%2Fwp%2Fv2%2Fcomments&post=20"}],"version-history":[{"count":16,"href":"http:\/\/sus-koeln.de\/index.php?rest_route=\/wp\/v2\/pages\/20\/revisions"}],"predecessor-version":[{"id":79,"href":"http:\/\/sus-koeln.de\/index.php?rest_route=\/wp\/v2\/pages\/20\/revisions\/79"}],"wp:attachment":[{"href":"http:\/\/sus-koeln.de\/index.php?rest_route=%2Fwp%2Fv2%2Fmedia&parent=20"}],"curies":[{"name":"wp","href":"https:\/\/api.w.org\/{rel}","templated":true}]}}